{"id":204,"date":"2024-10-03T05:44:34","date_gmt":"2024-10-03T05:44:34","guid":{"rendered":"https:\/\/akademia.is\/mim\/?page_id=204"},"modified":"2025-06-29T14:19:55","modified_gmt":"2025-06-29T14:19:55","slug":"projects","status":"publish","type":"page","link":"https:\/\/akademia.is\/mim\/projects\/","title":{"rendered":"Project"},"content":{"rendered":"\t\t<div data-elementor-type=\"wp-page\" data-elementor-id=\"204\" class=\"elementor elementor-204\">\n\t\t\t\t<div class=\"elementor-element elementor-element-0501764 e-flex e-con-boxed wpr-particle-no wpr-jarallax-no wpr-parallax-no wpr-sticky-section-no e-con e-parent\" data-id=\"0501764\" data-element_type=\"container\">\n\t\t\t\t\t<div class=\"e-con-inner\">\n\t\t<div class=\"elementor-element elementor-element-3364fef e-con-full e-flex wpr-particle-no wpr-jarallax-no wpr-parallax-no wpr-sticky-section-no e-con e-child\" data-id=\"3364fef\" data-element_type=\"container\">\n\t\t\t\t<div class=\"elementor-element elementor-element-947ef50 elementor-widget elementor-widget-heading\" data-id=\"947ef50\" data-element_type=\"widget\" data-widget_type=\"heading.default\">\n\t\t\t\t<div class=\"elementor-widget-container\">\n\t\t\t\t\t<h2 class=\"elementor-heading-title elementor-size-default\">Project<\/h2>\t\t\t\t<\/div>\n\t\t\t\t<\/div>\n\t\t\t\t<\/div>\n\t\t\t\t\t<\/div>\n\t\t\t\t<\/div>\n\t\t<div class=\"elementor-element elementor-element-a19ed53 e-flex e-con-boxed wpr-particle-no wpr-jarallax-no wpr-parallax-no wpr-sticky-section-no e-con e-parent\" data-id=\"a19ed53\" data-element_type=\"container\">\n\t\t\t\t\t<div class=\"e-con-inner\">\n\t\t<div class=\"elementor-element elementor-element-90c326c e-con-full e-flex wpr-particle-no wpr-jarallax-no wpr-parallax-no wpr-sticky-section-no e-con e-child\" data-id=\"90c326c\" data-element_type=\"container\">\n\t\t\t\t<div class=\"elementor-element elementor-element-ab40104 elementor-widget elementor-widget-text-editor\" data-id=\"ab40104\" data-element_type=\"widget\" data-widget_type=\"text-editor.default\">\n\t\t\t\t<div class=\"elementor-widget-container\">\n\t\t\t\t\t\t\t\t\t<p><b>Modernism in Icelandic Music, 1945\u20131980,<\/b> is a research project that is funded by the Icelandic Research Fund for a three-year period, 2025 to 2027.&nbsp;<\/p>\n<p>The project\u2019s aim is to examine the cultivation and reception of \u2018high\u2019 musical modernism in Iceland from 1945 to 1980, a neglected yet crucial period in the country\u2019s musical development in the twentieth century. The project will show how a new and controversial style of music was introduced and cultivated in the recently established republic, where the \u2018Western\u2019 tradition of classical music had only been practiced for a few decades.&nbsp;<\/p>\n<p>Through extensive archival research and analysis, the artistic development and contribution of Iceland\u2019s key modernist composers will be examined, including how their style and aesthetics were shaped by their education in post-war Europe and the United States. The composers whose works will be studied closely as part of this project are:&nbsp;<\/p>\n<p><span style=\"white-space: normal;\"> Magn\u00fas Bl\u00f6ndal J\u00f3hannsson (1925\u20132005)<\/span><\/p>\n<p><span style=\"white-space: normal;\"> J\u00f3n Nordal (1926\u20132024)<\/span><\/p>\n<p>Fj\u00f6lnir Stef\u00e1nsson (1930\u20132011)<\/p>\n<p><span style=\"white-space: normal;\"> J\u00f3n S. J\u00f3nsson (1934\u20132005)&nbsp;<\/span><\/p>\n<p><span style=\"white-space: normal;\"> Leifur \u00de\u00f3rarinsson (1934\u20131998)<\/span><\/p>\n<p><span style=\"white-space: normal;\"> \u00deorkell Sigurbj\u00f6rnsson (1938\u20132013)<\/span><\/p>\n<p><span style=\"white-space: normal;\"> Atli Heimir Sveinsson (1938\u20132019)<\/span><\/p>\n<p>As these composers of modernist works were beginning their careers, the Cold War reached new heights of intensity, and Iceland\u2019s geographical location prompted a new kind of attention by the two geopolitical superpowers. This had musical repercussions, as the USA and the USSR sent their leading instrumentalists, orchestras, composers, and conductors to Iceland with the specific intention of promoting the culture and ideologies of their respective countries. This period saw, for the first time in Icelandic history, a steady stream of performances of new music by foreign composers, introduced by soloists (e.g. US violinist Paul Zukofsky) and conductors, such as William Strickland (USA) and Bohdan Wodiczko (Poland), whose appearances were in part sponsored by their respective government agencies. This largely unstudied aspect of the country\u2019s music history will be explored through archival documents in Iceland and the USA.<\/p>\n<p>The project will investigate music aligned with modernist trends composed and\/or performed in Iceland from ca. 1945 to 1980. The former marked the first full year of Iceland\u2019s independence from the Danish crown as well as the end of World War II. The years around 1980 were also a time of significant change, as a new generation of composers returned from studies abroad and made their own mark on the local music scene. The focus will largely be on what may conveniently be termed the post-war avant-garde, including serialism, free atonality, aleatory music, electronic works, and experimental performance art.<\/p>\n<p>This research project has four main points of inquiry: (a) the musical works themselves, many of which have been neglected since the time of their composition and first performance; (b) the influence of teachers and other musicians, including the influence of the legendary Darmstadt composition courses; (c) local and Cold War politics and their influence on the development of modernism in Iceland; and (d) reception of modernist music, particularly in local newspapers and radio broadcasts, but also in private correspondence and orally transmitted accounts.&nbsp;<\/p>\n<p>All in all, this project aims to be a major contribution to our understanding of the early cultivation and development of musical modernism in Iceland, and to provide a valuable case study for musical modernism in a global perspective.<\/p>\n<p>The project will include a symposium on Modernism in a Global Perspective, and the final output will be a monograph on musical modernism in Iceland from 1945\u20131980, published both in English and Icelandic.<\/p>\n<div>&nbsp;<\/div>\t\t\t\t\t\t\t\t<\/div>\n\t\t\t\t<\/div>\n\t\t\t\t<\/div>\n\t\t\t\t\t<\/div>\n\t\t\t\t<\/div>\n\t\t<div class=\"elementor-element elementor-element-c25e6a8 e-flex e-con-boxed wpr-particle-no wpr-jarallax-no wpr-parallax-no wpr-sticky-section-no e-con e-parent\" data-id=\"c25e6a8\" data-element_type=\"container\">\n\t\t\t\t\t<div class=\"e-con-inner\">\n\t\t<div class=\"elementor-element elementor-element-eb9012e e-con-full e-flex wpr-particle-no wpr-jarallax-no wpr-parallax-no wpr-sticky-section-no e-con e-child\" data-id=\"eb9012e\" data-element_type=\"container\">\n\t\t\t\t<div class=\"elementor-element elementor-element-792938a elementor-widget elementor-widget-image\" data-id=\"792938a\" data-element_type=\"widget\" data-widget_type=\"image.default\">\n\t\t\t\t<div class=\"elementor-widget-container\">\n\t\t\t\t\t\t\t\t\t\t\t\t\t\t\t<img decoding=\"async\" width=\"150\" height=\"150\" src=\"https:\/\/akademia.is\/mim\/wp-content\/uploads\/2024\/09\/akademian_logo-150x150.png\" class=\"attachment-thumbnail size-thumbnail wp-image-168\" alt=\"\" srcset=\"https:\/\/akademia.is\/mim\/wp-content\/uploads\/2024\/09\/akademian_logo-150x150.png 150w, https:\/\/akademia.is\/mim\/wp-content\/uploads\/2024\/09\/akademian_logo.png 300w\" sizes=\"(max-width: 150px) 100vw, 150px\" \/>\t\t\t\t\t\t\t\t\t\t\t\t\t\t\t<\/div>\n\t\t\t\t<\/div>\n\t\t\t\t<div class=\"elementor-element elementor-element-3a0edb5 elementor-widget elementor-widget-image\" data-id=\"3a0edb5\" data-element_type=\"widget\" data-widget_type=\"image.default\">\n\t\t\t\t<div class=\"elementor-widget-container\">\n\t\t\t\t\t\t\t\t\t\t\t\t\t\t\t<img decoding=\"async\" width=\"150\" height=\"150\" src=\"https:\/\/akademia.is\/mim\/wp-content\/uploads\/2024\/09\/rannis-150x150.png\" class=\"attachment-thumbnail size-thumbnail wp-image-169\" alt=\"\" \/>\t\t\t\t\t\t\t\t\t\t\t\t\t\t\t<\/div>\n\t\t\t\t<\/div>\n\t\t\t\t<\/div>\n\t\t\t\t\t<\/div>\n\t\t\t\t<\/div>\n\t\t\t\t<\/div>\n\t\t","protected":false},"excerpt":{"rendered":"<p>Project Modernism in Icelandic Music, 1945\u20131980, is a research project that is funded by the Icelandic Research Fund for a three-year period, 2025 to 2027.&nbsp; The project\u2019s aim is to examine the cultivation and reception of \u2018high\u2019 musical modernism in Iceland from 1945 to 1980, a neglected yet crucial period in the country\u2019s musical development in the twentieth century. The project will show how a new and controversial style of music was introduced and cultivated in the recently established republic, where the \u2018Western\u2019 tradition of classical music had only been practiced for a few decades.&nbsp; Through extensive archival research and analysis, the artistic development and contribution of Iceland\u2019s key modernist composers will be examined, including how their style and aesthetics were shaped by their education in post-war Europe and the United States. The composers whose works will be studied closely as part of this project are:&nbsp; Magn\u00fas Bl\u00f6ndal J\u00f3hannsson (1925\u20132005) J\u00f3n Nordal (1926\u20132024) Fj\u00f6lnir Stef\u00e1nsson (1930\u20132011) J\u00f3n S. J\u00f3nsson (1934\u20132005)&nbsp; Leifur \u00de\u00f3rarinsson (1934\u20131998) \u00deorkell Sigurbj\u00f6rnsson (1938\u20132013) Atli Heimir Sveinsson (1938\u20132019) As these composers of modernist works were beginning their careers, the Cold War reached new heights of intensity, and Iceland\u2019s geographical location prompted a new kind of attention by the two geopolitical superpowers. This had musical repercussions, as the USA and the USSR sent their leading instrumentalists, orchestras, composers, and conductors to Iceland with the specific intention of promoting the culture and ideologies of their respective countries. This period saw, for the first time in Icelandic history, a steady stream of performances of new music by foreign composers, introduced by soloists (e.g. US violinist Paul Zukofsky) and conductors, such as William Strickland (USA) and Bohdan Wodiczko (Poland), whose appearances were in part sponsored by their respective government agencies. This largely unstudied aspect of the country\u2019s music history will be explored through archival documents in Iceland and the USA. The project will investigate music aligned with modernist trends composed and\/or performed in Iceland from ca. 1945 to 1980. The former marked the first full year of Iceland\u2019s independence from the Danish crown as well as the end of World War II. The years around 1980 were also a time of significant change, as a new generation of composers returned from studies abroad and made their own mark on the local music scene. The focus will largely be on what may conveniently be termed the post-war avant-garde, including serialism, free atonality, aleatory music, electronic works, and experimental performance art. This research project has four main points of inquiry: (a) the musical works themselves, many of which have been neglected since the time of their composition and first performance; (b) the influence of teachers and other musicians, including the influence of the legendary Darmstadt composition courses; (c) local and Cold War politics and their influence on the development of modernism in Iceland; and (d) reception of modernist music, particularly in local newspapers and radio broadcasts, but also in private correspondence and orally transmitted accounts.&nbsp; All in all, this project aims to be a major contribution to our understanding of the early cultivation and development of musical modernism in Iceland, and to provide a valuable case study for musical modernism in a global perspective. The project will include a symposium on Modernism in a Global Perspective, and the final output will be a monograph on musical modernism in Iceland from 1945\u20131980, published both in English and Icelandic. &nbsp;<\/p>\n","protected":false},"author":3,"featured_media":0,"parent":0,"menu_order":0,"comment_status":"closed","ping_status":"closed","template":"","meta":{"footnotes":""},"class_list":["post-204","page","type-page","status-publish","hentry"],"_links":{"self":[{"href":"https:\/\/akademia.is\/mim\/wp-json\/wp\/v2\/pages\/204","targetHints":{"allow":["GET"]}}],"collection":[{"href":"https:\/\/akademia.is\/mim\/wp-json\/wp\/v2\/pages"}],"about":[{"href":"https:\/\/akademia.is\/mim\/wp-json\/wp\/v2\/types\/page"}],"author":[{"embeddable":true,"href":"https:\/\/akademia.is\/mim\/wp-json\/wp\/v2\/users\/3"}],"replies":[{"embeddable":true,"href":"https:\/\/akademia.is\/mim\/wp-json\/wp\/v2\/comments?post=204"}],"version-history":[{"count":239,"href":"https:\/\/akademia.is\/mim\/wp-json\/wp\/v2\/pages\/204\/revisions"}],"predecessor-version":[{"id":1531,"href":"https:\/\/akademia.is\/mim\/wp-json\/wp\/v2\/pages\/204\/revisions\/1531"}],"wp:attachment":[{"href":"https:\/\/akademia.is\/mim\/wp-json\/wp\/v2\/media?parent=204"}],"curies":[{"name":"wp","href":"https:\/\/api.w.org\/{rel}","templated":true}]}}