{"id":227,"date":"2024-10-03T05:58:24","date_gmt":"2024-10-03T05:58:24","guid":{"rendered":"https:\/\/akademia.is\/mim\/?page_id=227"},"modified":"2026-03-03T06:58:02","modified_gmt":"2026-03-03T06:58:02","slug":"team","status":"publish","type":"page","link":"https:\/\/akademia.is\/mim\/team\/","title":{"rendered":"Team"},"content":{"rendered":"\t\t<div data-elementor-type=\"wp-page\" data-elementor-id=\"227\" class=\"elementor elementor-227\">\n\t\t\t\t<div class=\"elementor-element elementor-element-0c13808 e-flex e-con-boxed wpr-particle-no wpr-jarallax-no wpr-parallax-no wpr-sticky-section-no e-con e-parent\" data-id=\"0c13808\" data-element_type=\"container\">\n\t\t\t\t\t<div class=\"e-con-inner\">\n\t\t<div class=\"elementor-element elementor-element-4a5256c e-con-full e-flex wpr-particle-no wpr-jarallax-no wpr-parallax-no wpr-sticky-section-no e-con e-child\" data-id=\"4a5256c\" data-element_type=\"container\">\n\t\t\t\t<div class=\"elementor-element elementor-element-7e04ac7 elementor-widget elementor-widget-heading\" data-id=\"7e04ac7\" data-element_type=\"widget\" data-widget_type=\"heading.default\">\n\t\t\t\t<div class=\"elementor-widget-container\">\n\t\t\t\t\t<h2 class=\"elementor-heading-title elementor-size-default\">Team<\/h2>\t\t\t\t<\/div>\n\t\t\t\t<\/div>\n\t\t\t\t<\/div>\n\t\t\t\t\t<\/div>\n\t\t\t\t<\/div>\n\t\t<div class=\"elementor-element elementor-element-df54733 e-con-full e-flex wpr-particle-no wpr-jarallax-no wpr-parallax-no wpr-sticky-section-no e-con e-parent\" data-id=\"df54733\" data-element_type=\"container\">\n\t\t<div class=\"elementor-element elementor-element-e072e6d e-con-full e-flex wpr-particle-no wpr-jarallax-no wpr-parallax-no wpr-sticky-section-no e-con e-child\" data-id=\"e072e6d\" data-element_type=\"container\">\n\t\t<div class=\"elementor-element elementor-element-3ba5f3b e-con-full e-flex wpr-particle-no wpr-jarallax-no wpr-parallax-no wpr-sticky-section-no e-con e-child\" data-id=\"3ba5f3b\" data-element_type=\"container\">\n\t\t\t\t<div class=\"elementor-element elementor-element-90c291a elementor-widget elementor-widget-heading\" data-id=\"90c291a\" data-element_type=\"widget\" data-widget_type=\"heading.default\">\n\t\t\t\t<div class=\"elementor-widget-container\">\n\t\t\t\t\t<h2 class=\"elementor-heading-title elementor-size-default\">\u00c1rni Heimir Ing\u00f3lfsson<\/h2>\t\t\t\t<\/div>\n\t\t\t\t<\/div>\n\t\t<div class=\"elementor-element elementor-element-d6a133a e-flex e-con-boxed wpr-particle-no wpr-jarallax-no wpr-parallax-no wpr-sticky-section-no e-con e-child\" data-id=\"d6a133a\" data-element_type=\"container\">\n\t\t\t\t\t<div class=\"e-con-inner\">\n\t\t\t\t<div class=\"elementor-element elementor-element-e3585be elementor-widget elementor-widget-image\" data-id=\"e3585be\" data-element_type=\"widget\" data-widget_type=\"image.default\">\n\t\t\t\t<div class=\"elementor-widget-container\">\n\t\t\t\t\t\t\t\t\t\t\t\t\t\t\t<img fetchpriority=\"high\" decoding=\"async\" width=\"300\" height=\"214\" src=\"https:\/\/akademia.is\/mim\/wp-content\/uploads\/2025\/07\/Arni-Heimir-300x214.jpg\" class=\"attachment-medium size-medium wp-image-1592\" alt=\"\" srcset=\"https:\/\/akademia.is\/mim\/wp-content\/uploads\/2025\/07\/Arni-Heimir-300x214.jpg 300w, https:\/\/akademia.is\/mim\/wp-content\/uploads\/2025\/07\/Arni-Heimir-1024x731.jpg 1024w, https:\/\/akademia.is\/mim\/wp-content\/uploads\/2025\/07\/Arni-Heimir-768x549.jpg 768w, https:\/\/akademia.is\/mim\/wp-content\/uploads\/2025\/07\/Arni-Heimir-1536x1097.jpg 1536w, https:\/\/akademia.is\/mim\/wp-content\/uploads\/2025\/07\/Arni-Heimir-2048x1463.jpg 2048w\" sizes=\"(max-width: 300px) 100vw, 300px\" \/>\t\t\t\t\t\t\t\t\t\t\t\t\t\t\t<\/div>\n\t\t\t\t<\/div>\n\t\t\t\t\t<\/div>\n\t\t\t\t<\/div>\n\t\t\t\t<div class=\"elementor-element elementor-element-02288aa elementor-widget elementor-widget-text-editor\" data-id=\"02288aa\" data-element_type=\"widget\" data-widget_type=\"text-editor.default\">\n\t\t\t\t<div class=\"elementor-widget-container\">\n\t\t\t\t\t\t\t\t\t<p>\u00c1rni Heimir Ing\u00f3lfsson, the project\u2019s Principal Investigator, is an Icelandic musicologist and holds a PhD in historical musicology from Harvard University. His primary area of interest is the history of Icelandic music from the Middle Ages to the present, and he is the author of several books on Icelandic music, including J\u00f3n Leifs and the Musical Invention of Iceland (Indiana University Press, 2019), which was listed as one of that year&#8217;s best books on music by Alex Ross of The New Yorker. His most recent book is Music at World&#8217;s End: Three Exiled Musicians from Nazi Germany and Austria and Their Contribution to Music in Iceland (SUNY Press, 2025). Its Icelandic version was nominated for the Icelandic Book Award in 2024.<\/p><p>Ing\u00f3lfsson is the author of more than 20 peer-reviewed articles, as well as 18 entries in The New Grove Dictionary of Music and Musicians. He has contributed to volumes such as Mirrors of Virtue (Museum Tusculanum Press, 2017), The Nature of Nordic Music (Routledge, 2019), and Sounds Icelandic (Equinox, 2019), which he co-edited. He is also the co-editor of The Songbook of Rev. \u00d3lafur J\u00f3nsson, an edition of 51 songs and poems by an Icelandic priest in the early seventeenth century (\u00c1rni Magn\u00fasson Institute, 2024).<\/p><p>Praised as \u201ca terrific lecturer\u201d by American Record Guide, Ing\u00f3lfsson has given lectures and pre-concert talks throughout the world, including at conferences in Europe, Asia, and the United States. He was a special guest speaker at the LA Philharmonic\u2019s Reykjav\u00edk Festival in 2017, an Erasmus guest lecturer at the Vienna Conservatory of Music, and has held visiting fellowships at Oxford University, Harvard, and Yale.<\/p><p>\u00c1rni Heimir Ing\u00f3lfsson is a three-time nominee for the Icelandic Book Award (academic\/non-fiction). He is also a two-time winner of the Icelandic Music Award, for his CD recordings (with the Carmina Chamber Choir, which he founded) of music from Icelandic manuscripts from the seventeenth and eighteenth centuries. In January 2025, his recordings and research were featured in an hour-long episode of The Early Music Show on BBC Radio 3. As a pianist and harpsichordist, he has recorded several CDs and appeared in concert in Iceland, England, Germany, Italy, Canada, and the United States.<\/p><p>See also: <a href=\"http:\/\/www.arniheimir.com\">www.arniheimir.com<\/a>\u00a0<\/p><p class=\"MsoNormal\" style=\"margin-bottom: 0cm; line-height: normal;\">\u00a0<\/p>\t\t\t\t\t\t\t\t<\/div>\n\t\t\t\t<\/div>\n\t\t\t\t<div class=\"elementor-element elementor-element-e8fe170 elementor-widget elementor-widget-heading\" data-id=\"e8fe170\" data-element_type=\"widget\" data-widget_type=\"heading.default\">\n\t\t\t\t<div class=\"elementor-widget-container\">\n\t\t\t\t\t<h1 class=\"elementor-heading-title elementor-size-default\"><b>Research Assistants<\/b><\/h1>\t\t\t\t<\/div>\n\t\t\t\t<\/div>\n\t\t<div class=\"elementor-element elementor-element-5ef717f e-con-full e-flex wpr-particle-no wpr-jarallax-no wpr-parallax-no wpr-sticky-section-no e-con e-child\" data-id=\"5ef717f\" data-element_type=\"container\">\n\t\t\t\t<div class=\"elementor-element elementor-element-e53d069 elementor-widget elementor-widget-heading\" data-id=\"e53d069\" data-element_type=\"widget\" data-widget_type=\"heading.default\">\n\t\t\t\t<div class=\"elementor-widget-container\">\n\t\t\t\t\t<h2 class=\"elementor-heading-title elementor-size-default\">Helgi Rafn Ingvarsson<\/h2>\t\t\t\t<\/div>\n\t\t\t\t<\/div>\n\t\t<div class=\"elementor-element elementor-element-0164057 e-flex e-con-boxed wpr-particle-no wpr-jarallax-no wpr-parallax-no wpr-sticky-section-no e-con e-child\" data-id=\"0164057\" data-element_type=\"container\">\n\t\t\t\t\t<div class=\"e-con-inner\">\n\t\t\t\t<div class=\"elementor-element elementor-element-a7257ce elementor-widget elementor-widget-image\" data-id=\"a7257ce\" data-element_type=\"widget\" data-widget_type=\"image.default\">\n\t\t\t\t<div class=\"elementor-widget-container\">\n\t\t\t\t\t\t\t\t\t\t\t\t\t\t\t<img decoding=\"async\" width=\"200\" height=\"300\" src=\"https:\/\/akademia.is\/mim\/wp-content\/uploads\/2026\/03\/Helgi-mynd-200x300.jpg\" class=\"attachment-medium size-medium wp-image-1638\" alt=\"\" srcset=\"https:\/\/akademia.is\/mim\/wp-content\/uploads\/2026\/03\/Helgi-mynd-200x300.jpg 200w, https:\/\/akademia.is\/mim\/wp-content\/uploads\/2026\/03\/Helgi-mynd-683x1024.jpg 683w, https:\/\/akademia.is\/mim\/wp-content\/uploads\/2026\/03\/Helgi-mynd-768x1152.jpg 768w, https:\/\/akademia.is\/mim\/wp-content\/uploads\/2026\/03\/Helgi-mynd-1024x1536.jpg 1024w, https:\/\/akademia.is\/mim\/wp-content\/uploads\/2026\/03\/Helgi-mynd-1365x2048.jpg 1365w, https:\/\/akademia.is\/mim\/wp-content\/uploads\/2026\/03\/Helgi-mynd-scaled.jpg 1707w\" sizes=\"(max-width: 200px) 100vw, 200px\" \/>\t\t\t\t\t\t\t\t\t\t\t\t\t\t\t<\/div>\n\t\t\t\t<\/div>\n\t\t\t\t\t<\/div>\n\t\t\t\t<\/div>\n\t\t\t\t<div class=\"elementor-element elementor-element-8a127e1 elementor-widget elementor-widget-text-editor\" data-id=\"8a127e1\" data-element_type=\"widget\" data-widget_type=\"text-editor.default\">\n\t\t\t\t<div class=\"elementor-widget-container\">\n\t\t\t\t\t\t\t\t\t<p>Dr. Helgi Rafn Ingvarsson is an Icelandic composer with a doctorate in composition from the Guildhall School of Music and Drama, where he was a Composition Fellow. In 2009\u20132024 he has written six essays and scholarly articles on music, which have been published in journals such as \u00der\u00e6\u00f0ir, the journal of the Music Department of the Iceland University of the Arts. He has held many lectures and workshops about his compositions and research, for example in England, Ireland, Sweden, and Iceland. Helgi has composed works for the Caput Ensemble, the Reykjav\u00edk Chamber Orchestra, Chroma Ensemble (UK), the Kord\u00eda Choir, J\u00f6kla Ensemble, The Composer\u2018s Ensemble (UK), Concorde Ensemle, Hard Rain Soloist Ensemble, and many smaller ensembles, instrumentalists, and singers.<\/p><p class=\"MsoNormal\" style=\"margin-bottom: 0cm; line-height: normal;\">\u00a0<\/p>\t\t\t\t\t\t\t\t<\/div>\n\t\t\t\t<\/div>\n\t\t\t\t<\/div>\n\t\t<div class=\"elementor-element elementor-element-f9affd0 e-con-full e-flex wpr-particle-no wpr-jarallax-no wpr-parallax-no wpr-sticky-section-no e-con e-child\" data-id=\"f9affd0\" data-element_type=\"container\">\n\t\t\t\t<div class=\"elementor-element elementor-element-0aa54bc elementor-widget elementor-widget-heading\" data-id=\"0aa54bc\" data-element_type=\"widget\" data-widget_type=\"heading.default\">\n\t\t\t\t<div class=\"elementor-widget-container\">\n\t\t\t\t\t<h2 class=\"elementor-heading-title elementor-size-default\">Tinna \u00deorsteinsd\u00f3ttir<\/h2>\t\t\t\t<\/div>\n\t\t\t\t<\/div>\n\t\t<div class=\"elementor-element elementor-element-6bab7b7 e-flex e-con-boxed wpr-particle-no wpr-jarallax-no wpr-parallax-no wpr-sticky-section-no e-con e-child\" data-id=\"6bab7b7\" data-element_type=\"container\">\n\t\t\t\t\t<div class=\"e-con-inner\">\n\t\t\t\t<div class=\"elementor-element elementor-element-ae2cf36 elementor-widget elementor-widget-image\" data-id=\"ae2cf36\" data-element_type=\"widget\" data-widget_type=\"image.default\">\n\t\t\t\t<div class=\"elementor-widget-container\">\n\t\t\t\t\t\t\t\t\t\t\t\t\t\t\t<img decoding=\"async\" width=\"300\" height=\"300\" src=\"https:\/\/akademia.is\/mim\/wp-content\/uploads\/2026\/03\/Tinna-mynd-300x300.jpg\" class=\"attachment-medium size-medium wp-image-1639\" alt=\"\" srcset=\"https:\/\/akademia.is\/mim\/wp-content\/uploads\/2026\/03\/Tinna-mynd-300x300.jpg 300w, https:\/\/akademia.is\/mim\/wp-content\/uploads\/2026\/03\/Tinna-mynd-1024x1024.jpg 1024w, https:\/\/akademia.is\/mim\/wp-content\/uploads\/2026\/03\/Tinna-mynd-150x150.jpg 150w, https:\/\/akademia.is\/mim\/wp-content\/uploads\/2026\/03\/Tinna-mynd-768x768.jpg 768w, https:\/\/akademia.is\/mim\/wp-content\/uploads\/2026\/03\/Tinna-mynd.jpg 1440w\" sizes=\"(max-width: 300px) 100vw, 300px\" \/>\t\t\t\t\t\t\t\t\t\t\t\t\t\t\t<\/div>\n\t\t\t\t<\/div>\n\t\t\t\t\t<\/div>\n\t\t\t\t<\/div>\n\t\t\t\t<div class=\"elementor-element elementor-element-224b71b elementor-widget elementor-widget-text-editor\" data-id=\"224b71b\" data-element_type=\"widget\" data-widget_type=\"text-editor.default\">\n\t\t\t\t<div class=\"elementor-widget-container\">\n\t\t\t\t\t\t\t\t\t<p>Tinna \u00deorsteinsd\u00f3ttir, pianist, has been active in the field of contemporary music and has premiered multiple piano works written for her over the years, including six solo concertos. She has given numerous solo recitals and masterclasses in Europe, the United States and Asia with an emphasis on contemporary music. Tinna completed her Diploma degree at the Hochscule f\u00fcr Musik in M\u00fcnster, Germany, with her final thesis on Icelandic piano concertos, and later a Graduate Diploma at the New England Conservatory of Music in Boston in piano performance. She received the DV Cultural Award for music in 2013 and was the Municipal Artist of Gar\u00f0ab\u00e6r in 2025.<\/p>\t\t\t\t\t\t\t\t<\/div>\n\t\t\t\t<\/div>\n\t\t\t\t<\/div>\n\t\t<div class=\"elementor-element elementor-element-ace9e72 e-con-full e-flex wpr-particle-no wpr-jarallax-no wpr-parallax-no wpr-sticky-section-no e-con e-child\" data-id=\"ace9e72\" data-element_type=\"container\">\n\t\t\t\t<div class=\"elementor-element elementor-element-cce4d3c elementor-widget elementor-widget-heading\" data-id=\"cce4d3c\" data-element_type=\"widget\" data-widget_type=\"heading.default\">\n\t\t\t\t<div class=\"elementor-widget-container\">\n\t\t\t\t\t<h2 class=\"elementor-heading-title elementor-size-default\">Tui Hirv<\/h2>\t\t\t\t<\/div>\n\t\t\t\t<\/div>\n\t\t<div class=\"elementor-element elementor-element-ea1d929 e-flex e-con-boxed wpr-particle-no wpr-jarallax-no wpr-parallax-no wpr-sticky-section-no e-con e-child\" data-id=\"ea1d929\" data-element_type=\"container\">\n\t\t\t\t\t<div class=\"e-con-inner\">\n\t\t\t\t<div class=\"elementor-element elementor-element-5469094 elementor-widget elementor-widget-image\" data-id=\"5469094\" data-element_type=\"widget\" data-widget_type=\"image.default\">\n\t\t\t\t<div class=\"elementor-widget-container\">\n\t\t\t\t\t\t\t\t\t\t\t\t\t\t\t<img loading=\"lazy\" decoding=\"async\" width=\"300\" height=\"239\" src=\"https:\/\/akademia.is\/mim\/wp-content\/uploads\/2026\/03\/Tui-mynd_page-0001-1-300x239.jpg\" class=\"attachment-medium size-medium wp-image-1643\" alt=\"\" srcset=\"https:\/\/akademia.is\/mim\/wp-content\/uploads\/2026\/03\/Tui-mynd_page-0001-1-300x239.jpg 300w, https:\/\/akademia.is\/mim\/wp-content\/uploads\/2026\/03\/Tui-mynd_page-0001-1-1024x816.jpg 1024w, https:\/\/akademia.is\/mim\/wp-content\/uploads\/2026\/03\/Tui-mynd_page-0001-1-768x612.jpg 768w, https:\/\/akademia.is\/mim\/wp-content\/uploads\/2026\/03\/Tui-mynd_page-0001-1-1536x1224.jpg 1536w, https:\/\/akademia.is\/mim\/wp-content\/uploads\/2026\/03\/Tui-mynd_page-0001-1-2048x1632.jpg 2048w\" sizes=\"(max-width: 300px) 100vw, 300px\" \/>\t\t\t\t\t\t\t\t\t\t\t\t\t\t\t<\/div>\n\t\t\t\t<\/div>\n\t\t\t\t\t<\/div>\n\t\t\t\t<\/div>\n\t\t\t\t<div class=\"elementor-element elementor-element-ef27ef0 elementor-widget elementor-widget-text-editor\" data-id=\"ef27ef0\" data-element_type=\"widget\" data-widget_type=\"text-editor.default\">\n\t\t\t\t<div class=\"elementor-widget-container\">\n\t\t\t\t\t\t\t\t\t<p>Tui Hirv, born in Tallinn in 1984, is an Estonian singer and musicologist. She holds a BA in singing and MA in musicology from the Estonian Academy of Music and Theatre. In Estonia, Hirv was much in demand in the scene of choir and contemporary music. She sang with Estonian Philharmonic Chamber Choir and Vox Clamantis, both groups that shaped the sound attributed to Arvo P\u00e4rt&#8217;s music. In 2013 Hirv relocated to Iceland. While mostly involved in education, she has since collaborated with contemporary music ensembles, taught music history at Iceland University of the Arts, sat in the jury of Iceland Music Awards and archived the works of Atli Heimir Sveinsson, the local pioneer of modernism in music.<\/p>\t\t\t\t\t\t\t\t<\/div>\n\t\t\t\t<\/div>\n\t\t\t\t<\/div>\n\t\t\t\t<\/div>\n\t\t\t\t<\/div>\n\t\t\t\t<\/div>\n\t\t<div class=\"elementor-element elementor-element-25c1079 e-flex e-con-boxed wpr-particle-no wpr-jarallax-no wpr-parallax-no wpr-sticky-section-no e-con e-parent\" data-id=\"25c1079\" data-element_type=\"container\">\n\t\t\t\t\t<div class=\"e-con-inner\">\n\t\t\t\t\t<\/div>\n\t\t\t\t<\/div>\n\t\t<div class=\"elementor-element elementor-element-1ef49ba e-flex e-con-boxed wpr-particle-no wpr-jarallax-no wpr-parallax-no wpr-sticky-section-no e-con e-parent\" data-id=\"1ef49ba\" data-element_type=\"container\">\n\t\t\t\t\t<div class=\"e-con-inner\">\n\t\t<div class=\"elementor-element elementor-element-7e66036 e-con-full e-flex wpr-particle-no wpr-jarallax-no wpr-parallax-no wpr-sticky-section-no e-con e-child\" data-id=\"7e66036\" data-element_type=\"container\">\n\t\t\t\t<div class=\"elementor-element elementor-element-962f09e elementor-widget elementor-widget-image\" data-id=\"962f09e\" data-element_type=\"widget\" data-widget_type=\"image.default\">\n\t\t\t\t<div class=\"elementor-widget-container\">\n\t\t\t\t\t\t\t\t\t\t\t\t\t\t\t<img loading=\"lazy\" decoding=\"async\" width=\"150\" height=\"150\" src=\"https:\/\/akademia.is\/mim\/wp-content\/uploads\/2024\/09\/akademian_logo-150x150.png\" class=\"attachment-thumbnail size-thumbnail wp-image-168\" alt=\"\" srcset=\"https:\/\/akademia.is\/mim\/wp-content\/uploads\/2024\/09\/akademian_logo-150x150.png 150w, https:\/\/akademia.is\/mim\/wp-content\/uploads\/2024\/09\/akademian_logo.png 300w\" sizes=\"(max-width: 150px) 100vw, 150px\" \/>\t\t\t\t\t\t\t\t\t\t\t\t\t\t\t<\/div>\n\t\t\t\t<\/div>\n\t\t\t\t<div class=\"elementor-element elementor-element-e924dc0 elementor-widget elementor-widget-image\" data-id=\"e924dc0\" data-element_type=\"widget\" data-widget_type=\"image.default\">\n\t\t\t\t<div class=\"elementor-widget-container\">\n\t\t\t\t\t\t\t\t\t\t\t\t\t\t\t<img loading=\"lazy\" decoding=\"async\" width=\"150\" height=\"150\" src=\"https:\/\/akademia.is\/mim\/wp-content\/uploads\/2024\/09\/rannis-150x150.png\" class=\"attachment-thumbnail size-thumbnail wp-image-169\" alt=\"\" \/>\t\t\t\t\t\t\t\t\t\t\t\t\t\t\t<\/div>\n\t\t\t\t<\/div>\n\t\t\t\t<\/div>\n\t\t\t\t\t<\/div>\n\t\t\t\t<\/div>\n\t\t\t\t<\/div>\n\t\t","protected":false},"excerpt":{"rendered":"<p>Team \u00c1rni Heimir Ing\u00f3lfsson \u00c1rni Heimir Ing\u00f3lfsson, the project\u2019s Principal Investigator, is an Icelandic musicologist and holds a PhD in historical musicology from Harvard University. His primary area of interest is the history of Icelandic music from the Middle Ages to the present, and he is the author of several books on Icelandic music, including J\u00f3n Leifs and the Musical Invention of Iceland (Indiana University Press, 2019), which was listed as one of that year&#8217;s best books on music by Alex Ross of The New Yorker. His most recent book is Music at World&#8217;s End: Three Exiled Musicians from Nazi Germany and Austria and Their Contribution to Music in Iceland (SUNY Press, 2025). Its Icelandic version was nominated for the Icelandic Book Award in 2024. Ing\u00f3lfsson is the author of more than 20 peer-reviewed articles, as well as 18 entries in The New Grove Dictionary of Music and Musicians. He has contributed to volumes such as Mirrors of Virtue (Museum Tusculanum Press, 2017), The Nature of Nordic Music (Routledge, 2019), and Sounds Icelandic (Equinox, 2019), which he co-edited. He is also the co-editor of The Songbook of Rev. \u00d3lafur J\u00f3nsson, an edition of 51 songs and poems by an Icelandic priest in the early seventeenth century (\u00c1rni Magn\u00fasson Institute, 2024). Praised as \u201ca terrific lecturer\u201d by American Record Guide, Ing\u00f3lfsson has given lectures and pre-concert talks throughout the world, including at conferences in Europe, Asia, and the United States. He was a special guest speaker at the LA Philharmonic\u2019s Reykjav\u00edk Festival in 2017, an Erasmus guest lecturer at the Vienna Conservatory of Music, and has held visiting fellowships at Oxford University, Harvard, and Yale. \u00c1rni Heimir Ing\u00f3lfsson is a three-time nominee for the Icelandic Book Award (academic\/non-fiction). He is also a two-time winner of the Icelandic Music Award, for his CD recordings (with the Carmina Chamber Choir, which he founded) of music from Icelandic manuscripts from the seventeenth and eighteenth centuries. In January 2025, his recordings and research were featured in an hour-long episode of The Early Music Show on BBC Radio 3. As a pianist and harpsichordist, he has recorded several CDs and appeared in concert in Iceland, England, Germany, Italy, Canada, and the United States. See also: www.arniheimir.com\u00a0 \u00a0 Research Assistants Helgi Rafn Ingvarsson Dr. Helgi Rafn Ingvarsson is an Icelandic composer with a doctorate in composition from the Guildhall School of Music and Drama, where he was a Composition Fellow. In 2009\u20132024 he has written six essays and scholarly articles on music, which have been published in journals such as \u00der\u00e6\u00f0ir, the journal of the Music Department of the Iceland University of the Arts. He has held many lectures and workshops about his compositions and research, for example in England, Ireland, Sweden, and Iceland. Helgi has composed works for the Caput Ensemble, the Reykjav\u00edk Chamber Orchestra, Chroma Ensemble (UK), the Kord\u00eda Choir, J\u00f6kla Ensemble, The Composer\u2018s Ensemble (UK), Concorde Ensemle, Hard Rain Soloist Ensemble, and many smaller ensembles, instrumentalists, and singers. \u00a0 Tinna \u00deorsteinsd\u00f3ttir Tinna \u00deorsteinsd\u00f3ttir, pianist, has been active in the field of contemporary music and has premiered multiple piano works written for her over the years, including six solo concertos. She has given numerous solo recitals and masterclasses in Europe, the United States and Asia with an emphasis on contemporary music. Tinna completed her Diploma degree at the Hochscule f\u00fcr Musik in M\u00fcnster, Germany, with her final thesis on Icelandic piano concertos, and later a Graduate Diploma at the New England Conservatory of Music in Boston in piano performance. She received the DV Cultural Award for music in 2013 and was the Municipal Artist of Gar\u00f0ab\u00e6r in 2025. Tui Hirv Tui Hirv, born in Tallinn in 1984, is an Estonian singer and musicologist. She holds a BA in singing and MA in musicology from the Estonian Academy of Music and Theatre. In Estonia, Hirv was much in demand in the scene of choir and contemporary music. She sang with Estonian Philharmonic Chamber Choir and Vox Clamantis, both groups that shaped the sound attributed to Arvo P\u00e4rt&#8217;s music. In 2013 Hirv relocated to Iceland. While mostly involved in education, she has since collaborated with contemporary music ensembles, taught music history at Iceland University of the Arts, sat in the jury of Iceland Music Awards and archived the works of Atli Heimir Sveinsson, the local pioneer of modernism in music.<\/p>\n","protected":false},"author":3,"featured_media":0,"parent":0,"menu_order":0,"comment_status":"closed","ping_status":"closed","template":"","meta":{"footnotes":""},"class_list":["post-227","page","type-page","status-publish","hentry"],"_links":{"self":[{"href":"https:\/\/akademia.is\/mim\/wp-json\/wp\/v2\/pages\/227","targetHints":{"allow":["GET"]}}],"collection":[{"href":"https:\/\/akademia.is\/mim\/wp-json\/wp\/v2\/pages"}],"about":[{"href":"https:\/\/akademia.is\/mim\/wp-json\/wp\/v2\/types\/page"}],"author":[{"embeddable":true,"href":"https:\/\/akademia.is\/mim\/wp-json\/wp\/v2\/users\/3"}],"replies":[{"embeddable":true,"href":"https:\/\/akademia.is\/mim\/wp-json\/wp\/v2\/comments?post=227"}],"version-history":[{"count":274,"href":"https:\/\/akademia.is\/mim\/wp-json\/wp\/v2\/pages\/227\/revisions"}],"predecessor-version":[{"id":1658,"href":"https:\/\/akademia.is\/mim\/wp-json\/wp\/v2\/pages\/227\/revisions\/1658"}],"wp:attachment":[{"href":"https:\/\/akademia.is\/mim\/wp-json\/wp\/v2\/media?parent=227"}],"curies":[{"name":"wp","href":"https:\/\/api.w.org\/{rel}","templated":true}]}}