{"id":48,"date":"2024-09-27T12:43:38","date_gmt":"2024-09-27T12:43:38","guid":{"rendered":"https:\/\/akademia.is\/rnp\/?page_id=48"},"modified":"2025-08-25T13:13:47","modified_gmt":"2025-08-25T13:13:47","slug":"reclaiming-the-northern-past","status":"publish","type":"page","link":"https:\/\/akademia.is\/rnp\/","title":{"rendered":"Reclaiming the Northern Past"},"content":{"rendered":"\t\t<div data-elementor-type=\"wp-page\" data-elementor-id=\"48\" class=\"elementor elementor-48\">\n\t\t\t\t<div class=\"elementor-element elementor-element-49200d6 e-flex e-con-boxed wpr-particle-no wpr-jarallax-no wpr-parallax-no wpr-sticky-section-no e-con e-parent\" data-id=\"49200d6\" data-element_type=\"container\">\n\t\t\t\t\t<div class=\"e-con-inner\">\n\t\t<div class=\"elementor-element elementor-element-f881fe1 e-con-full e-flex wpr-particle-no wpr-jarallax-no wpr-parallax-no wpr-sticky-section-no e-con e-child\" data-id=\"f881fe1\" data-element_type=\"container\">\n\t\t\t\t<div class=\"elementor-element elementor-element-6515e9c elementor-widget-mobile__width-initial elementor-widget elementor-widget-image\" data-id=\"6515e9c\" data-element_type=\"widget\" data-widget_type=\"image.default\">\n\t\t\t\t<div class=\"elementor-widget-container\">\n\t\t\t\t\t\t\t\t\t\t\t\t\t\t\t<img decoding=\"async\" src=\"https:\/\/akademia.is\/rnp\/wp-content\/uploads\/elementor\/thumbs\/cropped-Reclaiming_II_logo-1-removebg-preview-1-ra045xmhb0sma6up75ua3h1m51r5ycrflk7bwy8ese.png\" title=\"cropped-Reclaiming_II_logo-1-removebg-preview-1\" alt=\"cropped-Reclaiming_II_logo-1-removebg-preview-1\" loading=\"lazy\" \/>\t\t\t\t\t\t\t\t\t\t\t\t\t\t\t<\/div>\n\t\t\t\t<\/div>\n\t\t\t\t<\/div>\n\t\t\t\t\t<\/div>\n\t\t\t\t<\/div>\n\t\t<div class=\"elementor-element elementor-element-b00393b e-con-full e-flex wpr-particle-no wpr-jarallax-no wpr-parallax-no wpr-sticky-section-no e-con e-parent\" data-id=\"b00393b\" data-element_type=\"container\">\n\t\t<div class=\"elementor-element elementor-element-669e1e7 e-con-full e-flex wpr-particle-no wpr-jarallax-no wpr-parallax-no wpr-sticky-section-no e-con e-child\" data-id=\"669e1e7\" data-element_type=\"container\">\n\t\t\t\t<div class=\"elementor-element elementor-element-c578aa2 elementor-widget elementor-widget-image\" data-id=\"c578aa2\" data-element_type=\"widget\" data-widget_type=\"image.default\">\n\t\t\t\t<div class=\"elementor-widget-container\">\n\t\t\t\t\t\t\t\t\t\t\t\t\t\t\t<img fetchpriority=\"high\" decoding=\"async\" width=\"2560\" height=\"1920\" src=\"https:\/\/akademia.is\/rnp\/wp-content\/uploads\/2024\/12\/unnamed-1-scaled.jpg\" class=\"attachment-full size-full wp-image-874\" alt=\"\" srcset=\"https:\/\/akademia.is\/rnp\/wp-content\/uploads\/2024\/12\/unnamed-1-scaled.jpg 2560w, https:\/\/akademia.is\/rnp\/wp-content\/uploads\/2024\/12\/unnamed-1-300x225.jpg 300w, https:\/\/akademia.is\/rnp\/wp-content\/uploads\/2024\/12\/unnamed-1-1024x768.jpg 1024w, https:\/\/akademia.is\/rnp\/wp-content\/uploads\/2024\/12\/unnamed-1-768x576.jpg 768w, https:\/\/akademia.is\/rnp\/wp-content\/uploads\/2024\/12\/unnamed-1-1536x1152.jpg 1536w, https:\/\/akademia.is\/rnp\/wp-content\/uploads\/2024\/12\/unnamed-1-2048x1536.jpg 2048w\" sizes=\"(max-width: 2560px) 100vw, 2560px\" \/>\t\t\t\t\t\t\t\t\t\t\t\t\t\t\t<\/div>\n\t\t\t\t<\/div>\n\t\t\t\t<\/div>\n\t\t\t\t<\/div>\n\t\t<div class=\"elementor-element elementor-element-16a8e5d e-con-full elementor-hidden-mobile e-flex wpr-particle-no wpr-jarallax-no wpr-parallax-no wpr-sticky-section-no e-con e-parent\" data-id=\"16a8e5d\" data-element_type=\"container\">\n\t\t<div class=\"elementor-element elementor-element-2e0fe32 e-con-full elementor-hidden-desktop elementor-hidden-tablet elementor-hidden-mobile e-flex wpr-particle-no wpr-jarallax-no wpr-parallax-no wpr-sticky-section-no e-con e-child\" data-id=\"2e0fe32\" data-element_type=\"container\">\n\t\t\t\t<div class=\"elementor-element elementor-element-84f73a3 side_box elementor-position-top elementor-widget elementor-widget-image-box\" data-id=\"84f73a3\" data-element_type=\"widget\" data-widget_type=\"image-box.default\">\n\t\t\t\t<div class=\"elementor-widget-container\">\n\t\t\t\t\t<div class=\"elementor-image-box-wrapper\"><figure class=\"elementor-image-box-img\"><a href=\"https:\/\/akademia.is\/rnp\/old-norse-and-nordic-nationalism\/\" tabindex=\"-1\"><img decoding=\"async\" width=\"900\" height=\"900\" src=\"https:\/\/akademia.is\/rnp\/wp-content\/uploads\/2025\/01\/post_img-1.jpg\" class=\"attachment-full size-full wp-image-998\" alt=\"\" srcset=\"https:\/\/akademia.is\/rnp\/wp-content\/uploads\/2025\/01\/post_img-1.jpg 900w, https:\/\/akademia.is\/rnp\/wp-content\/uploads\/2025\/01\/post_img-1-300x300.jpg 300w, https:\/\/akademia.is\/rnp\/wp-content\/uploads\/2025\/01\/post_img-1-150x150.jpg 150w, https:\/\/akademia.is\/rnp\/wp-content\/uploads\/2025\/01\/post_img-1-768x768.jpg 768w\" sizes=\"(max-width: 900px) 100vw, 900px\" \/><\/a><\/figure><div class=\"elementor-image-box-content\"><h3 class=\"elementor-image-box-title\"><a href=\"https:\/\/akademia.is\/rnp\/old-norse-and-nordic-nationalism\/\">Old Norse and Nordic Nationalism<\/a><\/h3><\/div><\/div>\t\t\t\t<\/div>\n\t\t\t\t<\/div>\n\t\t\t\t<div class=\"elementor-element elementor-element-1c98e70 side_box elementor-position-top elementor-widget elementor-widget-image-box\" data-id=\"1c98e70\" data-element_type=\"widget\" data-widget_type=\"image-box.default\">\n\t\t\t\t<div class=\"elementor-widget-container\">\n\t\t\t\t\t<div class=\"elementor-image-box-wrapper\"><figure class=\"elementor-image-box-img\"><a href=\"https:\/\/akademia.is\/rnp\/old-norse-myths-across-europe\/\" tabindex=\"-1\"><img decoding=\"async\" width=\"300\" height=\"300\" src=\"https:\/\/akademia.is\/rnp\/wp-content\/uploads\/2024\/12\/Paula-Henrikson.jpg\" class=\"attachment-full size-full wp-image-716\" alt=\"\" srcset=\"https:\/\/akademia.is\/rnp\/wp-content\/uploads\/2024\/12\/Paula-Henrikson.jpg 300w, https:\/\/akademia.is\/rnp\/wp-content\/uploads\/2024\/12\/Paula-Henrikson-150x150.jpg 150w\" sizes=\"(max-width: 300px) 100vw, 300px\" \/><\/a><\/figure><div class=\"elementor-image-box-content\"><h3 class=\"elementor-image-box-title\"><a href=\"https:\/\/akademia.is\/rnp\/old-norse-myths-across-europe\/\">Old Norse Myths Across Europe<\/a><\/h3><p class=\"elementor-image-box-description\">\n<\/p><\/div><\/div>\t\t\t\t<\/div>\n\t\t\t\t<\/div>\n\t\t\t\t<div class=\"elementor-element elementor-element-aeeddba side_box elementor-position-top elementor-widget elementor-widget-image-box\" data-id=\"aeeddba\" data-element_type=\"widget\" data-widget_type=\"image-box.default\">\n\t\t\t\t<div class=\"elementor-widget-container\">\n\t\t\t\t\t<div class=\"elementor-image-box-wrapper\"><figure class=\"elementor-image-box-img\"><a href=\"https:\/\/akademia.is\/rnp\/sagas-as-national-stories\/\" tabindex=\"-1\"><img loading=\"lazy\" decoding=\"async\" width=\"290\" height=\"280\" src=\"https:\/\/akademia.is\/rnp\/wp-content\/uploads\/2024\/09\/side-img-5.jpg\" class=\"attachment-full size-full wp-image-43\" alt=\"\" \/><\/a><\/figure><div class=\"elementor-image-box-content\"><h3 class=\"elementor-image-box-title\"><a href=\"https:\/\/akademia.is\/rnp\/sagas-as-national-stories\/\">Sagas as National Stories<\/a><\/h3><\/div><\/div>\t\t\t\t<\/div>\n\t\t\t\t<\/div>\n\t\t\t\t<div class=\"elementor-element elementor-element-eb28b14 side_box elementor-position-top elementor-widget elementor-widget-image-box\" data-id=\"eb28b14\" data-element_type=\"widget\" data-widget_type=\"image-box.default\">\n\t\t\t\t<div class=\"elementor-widget-container\">\n\t\t\t\t\t<div class=\"elementor-image-box-wrapper\"><figure class=\"elementor-image-box-img\"><a href=\"https:\/\/akademia.is\/rnp\/norse-literature-and-political-aspirations\/\" tabindex=\"-1\"><img loading=\"lazy\" decoding=\"async\" width=\"290\" height=\"280\" src=\"https:\/\/akademia.is\/rnp\/wp-content\/uploads\/2024\/09\/side-img-4.jpg\" class=\"attachment-full size-full wp-image-42\" alt=\"\" \/><\/a><\/figure><div class=\"elementor-image-box-content\"><h3 class=\"elementor-image-box-title\"><a href=\"https:\/\/akademia.is\/rnp\/norse-literature-and-political-aspirations\/\">Norse Literature and Political Aspirations<\/a><\/h3><p class=\"elementor-image-box-description\">\n<\/p><\/div><\/div>\t\t\t\t<\/div>\n\t\t\t\t<\/div>\n\t\t\t\t<div class=\"elementor-element elementor-element-e41ee02 side_box elementor-position-top elementor-widget elementor-widget-image-box\" data-id=\"e41ee02\" data-element_type=\"widget\" data-widget_type=\"image-box.default\">\n\t\t\t\t<div class=\"elementor-widget-container\">\n\t\t\t\t\t<div class=\"elementor-image-box-wrapper\"><figure class=\"elementor-image-box-img\"><a href=\"https:\/\/akademia.is\/rnp\/reviving-old-norse-texts\/\" tabindex=\"-1\"><img loading=\"lazy\" decoding=\"async\" width=\"290\" height=\"280\" src=\"https:\/\/akademia.is\/rnp\/wp-content\/uploads\/2024\/09\/side-img-1.jpg\" class=\"attachment-full size-full wp-image-39\" alt=\"\" \/><\/a><\/figure><div class=\"elementor-image-box-content\"><h3 class=\"elementor-image-box-title\"><a href=\"https:\/\/akademia.is\/rnp\/reviving-old-norse-texts\/\">Reviving Old Norse Texts<\/a><\/h3><\/div><\/div>\t\t\t\t<\/div>\n\t\t\t\t<\/div>\n\t\t\t\t<\/div>\n\t\t<div class=\"elementor-element elementor-element-57b9aed e-con-full e-flex wpr-particle-no wpr-jarallax-no wpr-parallax-no wpr-sticky-section-no e-con e-child\" data-id=\"57b9aed\" data-element_type=\"container\">\n\t\t\t\t<div class=\"elementor-element elementor-element-c6bb48a elementor-widget elementor-widget-heading\" data-id=\"c6bb48a\" data-element_type=\"widget\" data-widget_type=\"heading.default\">\n\t\t\t\t<div class=\"elementor-widget-container\">\n\t\t\t\t\t<h2 class=\"elementor-heading-title elementor-size-default\">Reclaiming the Northern Past<\/h2>\t\t\t\t<\/div>\n\t\t\t\t<\/div>\n\t\t\t\t<div class=\"elementor-element elementor-element-fc0ccc2 elementor-widget__width-initial elementor-widget elementor-widget-text-editor\" data-id=\"fc0ccc2\" data-element_type=\"widget\" data-widget_type=\"text-editor.default\">\n\t\t\t\t<div class=\"elementor-widget-container\">\n\t\t\t\t\t\t\t\t\t<p>is the title of an international research project based at the Reykjav\u00edk Academy. It was awarded a three-year project grant from the Icelandic Research Fund in 2024. The subtitle of the project, <em>The Shaping of National and Transnational Identities through Old Norse Literature 1750-1900<\/em>, provides further insight into the matter under investigation. The plan is to examine the productive reception of Old Norse literature in various cultural fields during the period, with a special focus on the role of the heritage in national discourse. The study will cover the Nordic countries and a few other countries in Northern Europe. The research team hopes to adduce evidence for its view that the diversity of national ideas informed by this heritage has hitherto been underestimated. The team intends not to limit the scope of the study to accounts of the origins or formative histories of specific nation-states but also to examine ideas that were not realised in the political sphere. The interplay of discourses, as well as transnational self-images, will receive particular attention. The team\u2019s methodological approach is based on the latest studies of cultural nationalism, in addition to which it will take account of <em>histoire crois\u00e9e<\/em>.<\/p>\t\t\t\t\t\t\t\t<\/div>\n\t\t\t\t<\/div>\n\t\t\t\t<div class=\"elementor-element elementor-element-0cc9a06 elementor-widget__width-initial elementor-widget elementor-widget-text-editor\" data-id=\"0cc9a06\" data-element_type=\"widget\" data-widget_type=\"text-editor.default\">\n\t\t\t\t<div class=\"elementor-widget-container\">\n\t\t\t\t\t\t\t\t\t<p>There are three principal investigators: Gylfi Gunnlaugsson, Reykjav\u00edk, who is also the project leader; Clarence E. Glad, Reykjav\u00edk, and Jon Gunnar J\u00f8rgensen, Oslo. Other direct participants are: Au\u00f0ur Hauksd\u00f3ttir, Reykjav\u00edk; Bragi \u00deorgr\u00edmur \u00d3lafsson, Reykjav\u00edk; Paula Henrikson, Uppsala; Gunilla Hermansson, Gothenburg; Thomas Mohnike, Strasbourg; Klaus Johan Myrvoll, Stavanger; Katja Schulz, Frankfurt am Main\/ Reykja\u00adv\u00edk, and Kim Simonsen, T\u00f3rshavn\/Reykjav\u00edk. Simon Halink, Leeuwarden\/Reykja\u00adv\u00edk, is a close collaborator. A number of doctoral students and a group of advisors will be associated with the project.<\/p>\t\t\t\t\t\t\t\t<\/div>\n\t\t\t\t<\/div>\n\t\t\t\t<\/div>\n\t\t<div class=\"elementor-element elementor-element-3fdb508 e-con-full elementor-hidden-desktop elementor-hidden-tablet elementor-hidden-mobile e-flex wpr-particle-no wpr-jarallax-no wpr-parallax-no wpr-sticky-section-no e-con e-child\" data-id=\"3fdb508\" data-element_type=\"container\">\n\t\t\t\t<div class=\"elementor-element elementor-element-d55edbf side_box elementor-position-top elementor-widget elementor-widget-image-box\" data-id=\"d55edbf\" data-element_type=\"widget\" data-widget_type=\"image-box.default\">\n\t\t\t\t<div class=\"elementor-widget-container\">\n\t\t\t\t\t<div class=\"elementor-image-box-wrapper\"><figure class=\"elementor-image-box-img\"><a href=\"https:\/\/akademia.is\/rnp\/old-norse-and-german-romanticism\/\" tabindex=\"-1\"><img loading=\"lazy\" decoding=\"async\" width=\"300\" height=\"300\" src=\"https:\/\/akademia.is\/rnp\/wp-content\/uploads\/2024\/12\/Anna-THorbjorg-THorgrimsdottir-1.jpg\" class=\"attachment-full size-full wp-image-852\" alt=\"\" srcset=\"https:\/\/akademia.is\/rnp\/wp-content\/uploads\/2024\/12\/Anna-THorbjorg-THorgrimsdottir-1.jpg 300w, https:\/\/akademia.is\/rnp\/wp-content\/uploads\/2024\/12\/Anna-THorbjorg-THorgrimsdottir-1-150x150.jpg 150w\" sizes=\"(max-width: 300px) 100vw, 300px\" \/><\/a><\/figure><div class=\"elementor-image-box-content\"><h3 class=\"elementor-image-box-title\"><a href=\"https:\/\/akademia.is\/rnp\/old-norse-and-german-romanticism\/\">Old Norse and German Romanticism<\/a><\/h3><p class=\"elementor-image-box-description\">\n<\/p><\/div><\/div>\t\t\t\t<\/div>\n\t\t\t\t<\/div>\n\t\t\t\t<div class=\"elementor-element elementor-element-2a842d2 side_box elementor-position-top elementor-widget elementor-widget-image-box\" data-id=\"2a842d2\" data-element_type=\"widget\" data-widget_type=\"image-box.default\">\n\t\t\t\t<div class=\"elementor-widget-container\">\n\t\t\t\t\t<div class=\"elementor-image-box-wrapper\"><figure class=\"elementor-image-box-img\"><a href=\"https:\/\/akademia.is\/rnp\/icelandic-sagas-and-national-pride\/\" tabindex=\"-1\"><img loading=\"lazy\" decoding=\"async\" width=\"290\" height=\"280\" src=\"https:\/\/akademia.is\/rnp\/wp-content\/uploads\/2024\/09\/side-img-3.jpg\" class=\"attachment-full size-full wp-image-41\" alt=\"\" \/><\/a><\/figure><div class=\"elementor-image-box-content\"><h3 class=\"elementor-image-box-title\"><a href=\"https:\/\/akademia.is\/rnp\/icelandic-sagas-and-national-pride\/\">Icelandic Sagas and National Pride<\/a><\/h3><\/div><\/div>\t\t\t\t<\/div>\n\t\t\t\t<\/div>\n\t\t\t\t<div class=\"elementor-element elementor-element-8f57459 side_box elementor-position-top elementor-widget elementor-widget-image-box\" data-id=\"8f57459\" data-element_type=\"widget\" data-widget_type=\"image-box.default\">\n\t\t\t\t<div class=\"elementor-widget-container\">\n\t\t\t\t\t<div class=\"elementor-image-box-wrapper\"><figure class=\"elementor-image-box-img\"><a href=\"https:\/\/akademia.is\/rnp\/norse-themes-in-british-literature\/\" tabindex=\"-1\"><img loading=\"lazy\" decoding=\"async\" width=\"1047\" height=\"1105\" src=\"https:\/\/akademia.is\/rnp\/wp-content\/uploads\/2024\/12\/Jon-Gunnar-Jorgensen1.jpg\" class=\"attachment-full size-full wp-image-978\" alt=\"\" srcset=\"https:\/\/akademia.is\/rnp\/wp-content\/uploads\/2024\/12\/Jon-Gunnar-Jorgensen1.jpg 1047w, https:\/\/akademia.is\/rnp\/wp-content\/uploads\/2024\/12\/Jon-Gunnar-Jorgensen1-284x300.jpg 284w, https:\/\/akademia.is\/rnp\/wp-content\/uploads\/2024\/12\/Jon-Gunnar-Jorgensen1-970x1024.jpg 970w, https:\/\/akademia.is\/rnp\/wp-content\/uploads\/2024\/12\/Jon-Gunnar-Jorgensen1-768x811.jpg 768w\" sizes=\"(max-width: 1047px) 100vw, 1047px\" \/><\/a><\/figure><div class=\"elementor-image-box-content\"><h3 class=\"elementor-image-box-title\"><a href=\"https:\/\/akademia.is\/rnp\/norse-themes-in-british-literature\/\">Norse Themes in British Literature<\/a><\/h3><\/div><\/div>\t\t\t\t<\/div>\n\t\t\t\t<\/div>\n\t\t\t\t<div class=\"elementor-element elementor-element-7427415 side_box elementor-position-top elementor-widget elementor-widget-image-box\" data-id=\"7427415\" data-element_type=\"widget\" data-widget_type=\"image-box.default\">\n\t\t\t\t<div class=\"elementor-widget-container\">\n\t\t\t\t\t<div class=\"elementor-image-box-wrapper\"><figure class=\"elementor-image-box-img\"><a href=\"https:\/\/akademia.is\/rnp\/the-sagas-cultural-revival\/\" tabindex=\"-1\"><img decoding=\"async\" src=\"https:\/\/akademia.is\/rnp\/wp-content\/uploads\/elementor\/thumbs\/unnamed-1-scaled-ra045xmevb9vdo7tn3dtaf7twey6hlt3x2q3z30tcw.jpg\" title=\"unnamed (1)\" alt=\"unnamed (1)\" loading=\"lazy\" \/><\/a><\/figure><div class=\"elementor-image-box-content\"><h3 class=\"elementor-image-box-title\"><a href=\"https:\/\/akademia.is\/rnp\/the-sagas-cultural-revival\/\">The Sagas\u2019 Cultural Revival<\/a><\/h3><\/div><\/div>\t\t\t\t<\/div>\n\t\t\t\t<\/div>\n\t\t\t\t<div class=\"elementor-element elementor-element-f4a0e64 side_box elementor-position-top elementor-widget elementor-widget-image-box\" data-id=\"f4a0e64\" data-element_type=\"widget\" data-widget_type=\"image-box.default\">\n\t\t\t\t<div class=\"elementor-widget-container\">\n\t\t\t\t\t<div class=\"elementor-image-box-wrapper\"><figure class=\"elementor-image-box-img\"><a href=\"https:\/\/akademia.is\/rnp\/norse-literature-in-transnational-contexts\/\" tabindex=\"-1\"><img loading=\"lazy\" decoding=\"async\" width=\"290\" height=\"280\" src=\"https:\/\/akademia.is\/rnp\/wp-content\/uploads\/2024\/09\/side-img-2.jpg\" class=\"attachment-full size-full wp-image-40\" alt=\"\" \/><\/a><\/figure><div class=\"elementor-image-box-content\"><h3 class=\"elementor-image-box-title\"><a href=\"https:\/\/akademia.is\/rnp\/norse-literature-in-transnational-contexts\/\">Norse Literature in Transnational Contexts<\/a><\/h3><\/div><\/div>\t\t\t\t<\/div>\n\t\t\t\t<\/div>\n\t\t\t\t<\/div>\n\t\t\t\t<\/div>\n\t\t<div class=\"elementor-element elementor-element-07657c7 e-flex e-con-boxed wpr-particle-no wpr-jarallax-no wpr-parallax-no wpr-sticky-section-no e-con e-parent\" data-id=\"07657c7\" data-element_type=\"container\">\n\t\t\t\t\t<div class=\"e-con-inner\">\n\t\t<div class=\"elementor-element elementor-element-926e1e2 e-con-full e-flex wpr-particle-no wpr-jarallax-no wpr-parallax-no wpr-sticky-section-no e-con e-child\" data-id=\"926e1e2\" data-element_type=\"container\">\n\t\t\t\t<div class=\"elementor-element elementor-element-0db7340 elementor-widget elementor-widget-image\" data-id=\"0db7340\" data-element_type=\"widget\" data-widget_type=\"image.default\">\n\t\t\t\t<div class=\"elementor-widget-container\">\n\t\t\t\t\t\t\t\t\t\t\t\t\t\t\t<img loading=\"lazy\" decoding=\"async\" width=\"150\" height=\"150\" src=\"https:\/\/akademia.is\/rnp\/wp-content\/uploads\/2024\/09\/akademian_logo-150x150.png\" class=\"attachment-thumbnail size-thumbnail wp-image-168\" alt=\"\" srcset=\"https:\/\/akademia.is\/rnp\/wp-content\/uploads\/2024\/09\/akademian_logo-150x150.png 150w, https:\/\/akademia.is\/rnp\/wp-content\/uploads\/2024\/09\/akademian_logo.png 300w\" sizes=\"(max-width: 150px) 100vw, 150px\" \/>\t\t\t\t\t\t\t\t\t\t\t\t\t\t\t<\/div>\n\t\t\t\t<\/div>\n\t\t\t\t<div class=\"elementor-element elementor-element-e65594d elementor-widget elementor-widget-image\" data-id=\"e65594d\" data-element_type=\"widget\" data-widget_type=\"image.default\">\n\t\t\t\t<div class=\"elementor-widget-container\">\n\t\t\t\t\t\t\t\t\t\t\t\t\t\t\t<img loading=\"lazy\" decoding=\"async\" width=\"150\" height=\"150\" src=\"https:\/\/akademia.is\/rnp\/wp-content\/uploads\/2024\/09\/rannis-150x150.png\" class=\"attachment-thumbnail size-thumbnail wp-image-169\" alt=\"\" \/>\t\t\t\t\t\t\t\t\t\t\t\t\t\t\t<\/div>\n\t\t\t\t<\/div>\n\t\t\t\t<\/div>\n\t\t\t\t\t<\/div>\n\t\t\t\t<\/div>\n\t\t\t\t<\/div>\n\t\t","protected":false},"excerpt":{"rendered":"<p>Old Norse and Nordic Nationalism Old Norse Myths Across Europe Sagas as National Stories Norse Literature and Political Aspirations Reviving Old Norse Texts Reclaiming the Northern Past is the title of an international research project based at the Reykjav\u00edk Academy. It was awarded a three-year project grant from the Icelandic Research Fund in 2024. The subtitle of the project, The Shaping of National and Transnational Identities through Old Norse Literature 1750-1900, provides further insight into the matter under investigation. The plan is to examine the productive reception of Old Norse literature in various cultural fields during the period, with a special focus on the role of the heritage in national discourse. The study will cover the Nordic countries and a few other countries in Northern Europe. The research team hopes to adduce evidence for its view that the diversity of national ideas informed by this heritage has hitherto been underestimated. The team intends not to limit the scope of the study to accounts of the origins or formative histories of specific nation-states but also to examine ideas that were not realised in the political sphere. The interplay of discourses, as well as transnational self-images, will receive particular attention. The team\u2019s methodological approach is based on the latest studies of cultural nationalism, in addition to which it will take account of histoire crois\u00e9e. There are three principal investigators: Gylfi Gunnlaugsson, Reykjav\u00edk, who is also the project leader; Clarence E. Glad, Reykjav\u00edk, and Jon Gunnar J\u00f8rgensen, Oslo. Other direct participants are: Au\u00f0ur Hauksd\u00f3ttir, Reykjav\u00edk; Bragi \u00deorgr\u00edmur \u00d3lafsson, Reykjav\u00edk; Paula Henrikson, Uppsala; Gunilla Hermansson, Gothenburg; Thomas Mohnike, Strasbourg; Klaus Johan Myrvoll, Stavanger; Katja Schulz, Frankfurt am Main\/ Reykja\u00adv\u00edk, and Kim Simonsen, T\u00f3rshavn\/Reykjav\u00edk. Simon Halink, Leeuwarden\/Reykja\u00adv\u00edk, is a close collaborator. A number of doctoral students and a group of advisors will be associated with the project. Old Norse and German Romanticism Icelandic Sagas and National Pride Norse Themes in British Literature The Sagas\u2019 Cultural Revival Norse Literature in Transnational Contexts<\/p>\n","protected":false},"author":3,"featured_media":0,"parent":0,"menu_order":0,"comment_status":"closed","ping_status":"closed","template":"","meta":{"footnotes":""},"class_list":["post-48","page","type-page","status-publish","hentry"],"_links":{"self":[{"href":"https:\/\/akademia.is\/rnp\/wp-json\/wp\/v2\/pages\/48","targetHints":{"allow":["GET"]}}],"collection":[{"href":"https:\/\/akademia.is\/rnp\/wp-json\/wp\/v2\/pages"}],"about":[{"href":"https:\/\/akademia.is\/rnp\/wp-json\/wp\/v2\/types\/page"}],"author":[{"embeddable":true,"href":"https:\/\/akademia.is\/rnp\/wp-json\/wp\/v2\/users\/3"}],"replies":[{"embeddable":true,"href":"https:\/\/akademia.is\/rnp\/wp-json\/wp\/v2\/comments?post=48"}],"version-history":[{"count":261,"href":"https:\/\/akademia.is\/rnp\/wp-json\/wp\/v2\/pages\/48\/revisions"}],"predecessor-version":[{"id":1227,"href":"https:\/\/akademia.is\/rnp\/wp-json\/wp\/v2\/pages\/48\/revisions\/1227"}],"wp:attachment":[{"href":"https:\/\/akademia.is\/rnp\/wp-json\/wp\/v2\/media?parent=48"}],"curies":[{"name":"wp","href":"https:\/\/api.w.org\/{rel}","templated":true}]}}